{"id":805,"date":"2021-11-30T17:10:58","date_gmt":"2021-11-30T17:10:58","guid":{"rendered":"https:\/\/ladolcevita-bretagne.com\/carta-regalo-2\/"},"modified":"2021-12-08T12:22:10","modified_gmt":"2021-12-08T12:22:10","slug":"carta-regalo-2","status":"publish","type":"page","link":"https:\/\/ladolcevita-bretagne.com\/it\/carta-regalo-2\/","title":{"rendered":"Carta regalo"},"content":{"rendered":"\t\t<div data-elementor-type=\"wp-page\" data-elementor-id=\"805\" class=\"elementor elementor-805 elementor-717\" data-elementor-post-type=\"page\">\n\t\t\t\t\t\t<section class=\"elementor-section elementor-top-section elementor-element elementor-element-abff1fb elementor-section-boxed elementor-section-height-default elementor-section-height-default\" data-id=\"abff1fb\" data-element_type=\"section\" data-e-type=\"section\" data-settings=\"{&quot;background_background&quot;:&quot;classic&quot;}\">\n\t\t\t\t\t\t<div class=\"elementor-container elementor-column-gap-default\">\n\t\t\t\t\t<div class=\"elementor-column elementor-col-100 elementor-top-column elementor-element elementor-element-31f9fbe\" data-id=\"31f9fbe\" data-element_type=\"column\" data-e-type=\"column\" data-settings=\"{&quot;background_background&quot;:&quot;classic&quot;}\">\n\t\t\t<div class=\"elementor-widget-wrap elementor-element-populated\">\n\t\t\t\t\t\t<div class=\"elementor-element elementor-element-789133c elementor-widget elementor-widget-heading\" data-id=\"789133c\" data-element_type=\"widget\" data-e-type=\"widget\" data-widget_type=\"heading.default\">\n\t\t\t\t<div class=\"elementor-widget-container\">\n\t\t\t\t\t<h2 class=\"elementor-heading-title elementor-size-default\">Tratta i tuoi cari offrendo loro una carta regalo!<\/h2>\t\t\t\t<\/div>\n\t\t\t\t<\/div>\n\t\t\t\t<div class=\"elementor-element elementor-element-974ee75 elementor-widget elementor-widget-shortcode\" data-id=\"974ee75\" data-element_type=\"widget\" data-e-type=\"widget\" data-widget_type=\"shortcode.default\">\n\t\t\t\t<div class=\"elementor-widget-container\">\n\t\t\t\t\t\t\t<div class=\"elementor-shortcode\"><div id=\"giftvoucher-template\" class=\"wrapper-template-gift-voucher \">\r\n        <div class=\"giftvoucher-template-step-main\">\r\n            <div class=\"giftvoucher-template-steps\">\r\n                <button id=\"wpgv_click_draw_auto\" class=\"button\" style=\"display:none\">Drawing<\/button>\r\n                <div class=\"giftvoucher-step active\">\r\n                    <div class=\"step-group enable_click\" data-step=\"1\" id=\"select-temp\">\r\n                        <div class=\"step-number\">1<\/div>\r\n                        <div class=\"step-label\">Seleziona modello\n<\/div>\r\n                    <\/div>\r\n                <\/div>\r\n                <div class=\"giftvoucher-step\">\r\n                    <div class=\"step-group disable_click\" data-step=\"2\" id=\"select-per\">\r\n                        <div class=\"step-number\">2<\/div>\r\n                        <div class=\"step-label\">Configura la tua carta regalo\n<\/div>\r\n                    <\/div>\r\n                <\/div>\r\n                <div class=\"giftvoucher-step\">\r\n                    <div class=\"step-group disable_click\" data-step=\"3\" id=\"select-payment\">\r\n                        <div class=\"step-number\">3<\/div>\r\n                        <div class=\"step-label\">Pagamento<\/div>\r\n                    <\/div>\r\n                <\/div>\r\n                <div class=\"giftvoucher-step\">\r\n                    <div class=\"step-group disable_click\" data-step=\"4\" id=\"select-overview\">\r\n                        <div class=\"step-number\">4<\/div>\r\n                        <div class=\"step-label\">Anteprima<\/div>\r\n                    <\/div>\r\n                <\/div>\r\n            <\/div>\r\n        <\/div>\r\n        <div class=\"step-progress\" id=\"scrollintoview\">\r\n            <div class=\"progress\">\r\n                <div class=\"progress-bar\" style=\"width:25%\"><\/div>\r\n            <\/div>\r\n        <\/div>\r\n        <div class=\"wrap-giftvoucher-template-content\">\r\n            <div id=\"voucher-template-name-step\">\r\n                <span class=\"number-step\">1<\/span>\r\n                <h3 class=\"choose-show-title\">Seleziona modello\n<\/h3>\r\n            <\/div><div class=\"wrap-format-category-voucher\"><div class=\"format-category-voucher-template\">                \r\n            <h6 class=\"title-h6-voucher\">Formato<\/h6>\r\n            <ul class=\"format-category-voucher\"><li data-type=\"portrait\" class=\"layout-type active\">\r\n                        <a href=\"javascript:;\" class=\"portrait\" title=\"portrait\"><\/a>\r\n                    <\/li><\/ul>\r\n        <\/div>\r\n        <div class=\"voucher-category-selection-wrap\">\r\n            <div class=\"voucher-category-main\">\r\n                <h6 class=\"title-h6-voucher\">Categoria<\/h6>\r\n                <ul class=\"list-category-voucher\">\r\n                    <li class=\"category-nav-item active\">\r\n                        <a href=\"#all\" class=\"category-voucher-item\" data-category-id=\"0\">Tutto<\/a>\r\n                    <\/li><li class=\"category-nav-item\"><a class=\"category-voucher-item\" data-category-id=28>Natale<\/a><\/li><\/ul>\r\n            <\/div>\r\n        <\/div><\/div>\r\n            <style>\r\n            #template_giftcard_container_2 canvas {\r\n                -ms-transform: scale(1.5);\r\n                \/* IE 9 *\/\r\n                -webkit-transform: scale(1.5);\r\n                \/* Safari 3-8 *\/\r\n                transform: scale(1.5);\r\n            }\r\n            <\/style>\r\n            <div class=\"giftvoucher-template-content\">\r\n                <div id=\"slider-giftvoucher\" class=\"voucher-content-step\">\r\n                    <div id=\"slider-giftvoucher-template\"><div class=\"slider-voucher-template\"><div class=\"item-voucher-template\">\r\n                    \r\n                        <img decoding=\"async\" src=\"https:\/\/ladolcevita-bretagne.com\/wp-content\/uploads\/2022\/12\/7d032c10cb58553384e11962807f0f5f_1052374271310174-1.png\" alt=\"Brunch\"><div class=\"layout-overlay\" data-template=\"portrait_giftcard\" data-price-fe=\"\" data-src=\"https:\/\/ladolcevita-bretagne.com\/wp-content\/uploads\/2022\/12\/7d032c10cb58553384e11962807f0f5f_1052374271310174-1.png\" data-post_id=\"1018\">\r\n                            <div class=\"layout-overlay-row\">\r\n                                <span class=\"layout-button\">\r\n                                Selezionare\n\r\n                                <\/span>\r\n                            <\/div>\r\n                        <\/div>\r\n                    <\/div><div class=\"item-voucher-template\">\r\n                    \r\n                        <img decoding=\"async\" src=\"https:\/\/ladolcevita-bretagne.com\/wp-content\/uploads\/2021\/12\/d4b7cce14259296930a56f0aa9954d00_5374321097133180-1.png\" alt=\"Fleurs\"><div class=\"layout-overlay\" data-template=\"portrait_giftcard\" data-price-fe=\"\" data-src=\"https:\/\/ladolcevita-bretagne.com\/wp-content\/uploads\/2021\/12\/d4b7cce14259296930a56f0aa9954d00_5374321097133180-1.png\" data-post_id=\"929\">\r\n                            <div class=\"layout-overlay-row\">\r\n                                <span class=\"layout-button\">\r\n                                Selezionare\n\r\n                                <\/span>\r\n                            <\/div>\r\n                        <\/div>\r\n                    <\/div><div class=\"item-voucher-template\">\r\n                    \r\n                        <img decoding=\"async\" src=\"https:\/\/ladolcevita-bretagne.com\/wp-content\/uploads\/2021\/12\/0d1882da859fba0dc619910b2225228a_8142510859415970-1.png\" alt=\"No\u00ebl 2\"><div class=\"layout-overlay\" data-template=\"portrait_giftcard\" data-price-fe=\"\" data-src=\"https:\/\/ladolcevita-bretagne.com\/wp-content\/uploads\/2021\/12\/0d1882da859fba0dc619910b2225228a_8142510859415970-1.png\" data-post_id=\"932\">\r\n                            <div class=\"layout-overlay-row\">\r\n                                <span class=\"layout-button\">\r\n                                Selezionare\n\r\n                                <\/span>\r\n                            <\/div>\r\n                        <\/div>\r\n                    <\/div><div class=\"item-voucher-template\">\r\n                    \r\n                        <img decoding=\"async\" src=\"https:\/\/ladolcevita-bretagne.com\/wp-content\/uploads\/2021\/12\/a68b7a8943b9b42311a45ed0f691231c_3069183182607108-1.png\" alt=\"Anniversaire\"><div class=\"layout-overlay\" data-template=\"portrait_giftcard\" data-price-fe=\"\" data-src=\"https:\/\/ladolcevita-bretagne.com\/wp-content\/uploads\/2021\/12\/a68b7a8943b9b42311a45ed0f691231c_3069183182607108-1.png\" data-post_id=\"935\">\r\n                            <div class=\"layout-overlay-row\">\r\n                                <span class=\"layout-button\">\r\n                                Selezionare\n\r\n                                <\/span>\r\n                            <\/div>\r\n                        <\/div>\r\n                    <\/div><div class=\"item-voucher-template\">\r\n                    \r\n                        <img decoding=\"async\" src=\"https:\/\/ladolcevita-bretagne.com\/wp-content\/uploads\/2021\/12\/e50d47d93c1ac2fd1341de3bb8fe204c_7848131075339417-1.png\" alt=\"Noel\"><div class=\"layout-overlay\" data-template=\"portrait_giftcard\" data-price-fe=\"\" data-src=\"https:\/\/ladolcevita-bretagne.com\/wp-content\/uploads\/2021\/12\/e50d47d93c1ac2fd1341de3bb8fe204c_7848131075339417-1.png\" data-post_id=\"938\">\r\n                            <div class=\"layout-overlay-row\">\r\n                                <span class=\"layout-button\">\r\n                                Selezionare\n\r\n                                <\/span>\r\n                            <\/div>\r\n                        <\/div>\r\n                    <\/div><\/div><\/div>\r\n                <\/div>\r\n                <div id=\"setup-voucher-template\" class=\"voucher-content-step\">\r\n                    <input type=\"hidden\" name=\"coupon_code_length\" id=\"coupon_code_length\" value=\"12\">\r\n                    <input type=\"hidden\" id=\"voucher-id\" value=\"\" \/>\r\n                    <input type=\"hidden\" id=\"voucher-extra-charges\" value=\"0\" \/>\r\n                    <input type=\"hidden\" id=\"voucher-couponcode\" value=\"\" \/>\r\n                    <div class=\"wrap-setup-voucher-template\">\r\n                        <div id=\"voucher-template-choose-gift\" class=\"wrap-main-voucher-template\"><div class=\"voucher-template-infomation\">\r\n                                <div class=\"wrapper-infomation-voucher-template\" id=\"content-setup-voucher-template\"><div class=\"voucher-buying-for-option\"><input type=\"hidden\" name=\"buying_for\" id=\"buying_for\" value=\"someone_else\">    \r\n        <\/div>    \r\n        <div class=\"voucher-template-input\" id=\"voucher-to\">\r\n            <label>Regalo a\n<\/label>\r\n            <input maxlength=\"30\" value=\"\" id=\"voucher_gift_to\" name=\"voucher_gift_to\" type=\"text\" class=\"input-info-voucher\">\r\n            <span class=\"error-input\">Questo campo \u00e8 obbligatorio.<\/span>\r\n        <\/div>\r\n        <div class=\"voucher-template-input\" id=\"voucher-from\">\r\n            <label>Regalo da\n<\/label>\r\n            <input maxlength=\"30\" value=\"\" id=\"voucher_gift_from\" name=\"voucher_gift_from\" type=\"text\" class=\"input-info-voucher\">\r\n            <span class=\"error-input\">Questo campo \u00e8 obbligatorio.<\/span>\r\n        <\/div><div class=\"voucher-template-input price-voucher\">\r\n        <label>valore regalo\n<\/label>\r\n        <div class=\"price-template-voucher\">\r\n        <span class=\"currencySymbol\" style=\"right:15px;left:unset;\"> \u20ac <\/span>\r\n        <input style=\"padding-right:30px;padding-left:10px\" type=\"number\" name=\"voucher_price_value\" id=\"voucher_price_value\" class=\"input-info-voucher\" placeholder=\"valore minimo\n: 0\" value=\"\" min-value=\"0\" max-value=\"10000\" required>\r\n        <\/div>\r\n        <span class=\"error-input\">Questo campo \u00e8 obbligatorio.<\/span>\r\n    <\/div>\r\n    <div class=\"voucher-template-input\">\r\n        <label>Descrizione (Max: 250 caratteri)\n<\/label>\r\n        <textarea maxlength=\"250\" value=\"\" id=\"voucher_description\" placeholder=\"Descrizione (Max: 250 caratteri)\n\" name=\"voucher_description\" class=\"input-info-voucher\"><\/textarea>\r\n        <div class=\"maxchar\"><\/div>\r\n    <\/div><\/div>\r\n                                <div class=\"wrapper-infomation-voucher-template\" id=\"setup-shopping-payment-wrap\"><div class=\"header-title\">\r\n            <h4 class=\"title-header-h4\">Spedizione<\/h4>\r\n        <\/div>\r\n        <div class=\"choose-shipping-template\">\r\n            <a class=\"shipping-type active\" data-type=\"shipping_as_email\">\r\n                <i class=\"fa fa-envelope\" aria-hidden=\"true\"><\/i>\r\n                <span>Email<\/span>\r\n            <\/a>\r\n            <a class=\"shipping-type\" data-type=\"shipping_as_post\">\r\n                <i class=\"fa fa-truck\" aria-hidden=\"true\"><\/i>\r\n                <span>Posta<\/span>\r\n            <\/a>\r\n        <\/div><div class=\"form-shopping-payment\">\r\n        <div class=\"wrap-email-shiping-voucher\">\r\n            <div class=\"voucher-template-input \" id=\"recipient_email\">\r\n                <label>Invia il voucher all'email del destinatario qui<\/label>\r\n                <input value=\"\" id=\"voucher_recipient_email\" name=\"voucher_recipient_email\" type=\"text\" class=\"input-info-voucher\">\r\n                <span class=\"error-input\">Questo campo \u00e8 obbligatorio.<\/span>\r\n            <\/div>\r\n            <div class=\"voucher-template-input\">\r\n                <label>Il tuo indirizzo email (per la ricevuta)<\/label>\r\n                <input value=\"\" id=\"voucher_your_email\" name=\"voucher_your_email\" type=\"text\" class=\"input-info-voucher\">\r\n                <span class=\"error-input\">Questo campo \u00e8 obbligatorio.<\/span>\r\n            <\/div>\r\n        <\/div><div class=\"wrap-shipping-info-voucher\"><div class=\"shipping-name\">\r\n        <div class=\"voucher-template-input\">\r\n            <input value=\"\" id=\"voucher_shipping_first\" placeholder=\"Prenomi\" name=\"voucher_shipping_first\" type=\"text\" class=\"input-info-voucher\">\r\n            <span class=\"error-input\">Questo campo \u00e8 obbligatorio.<\/span>\r\n        <\/div>\r\n        <div class=\"voucher-template-input\">\r\n            <input value=\"\" id=\"voucher_shipping_last\" placeholder=\"cognome\" name=\"voucher_shipping_last\" type=\"text\" class=\"input-info-voucher\">\r\n            <span class=\"error-input\">Questo campo \u00e8 obbligatorio.<\/span>\r\n        <\/div>\r\n    <\/div>\r\n    <div class=\"shipping-address\">\r\n        <div class=\"voucher-template-input\">\r\n            <input value=\"\" id=\"voucher_shipping_address\" placeholder=\"Indirizzo\" name=\"voucher_shipping_address\" type=\"text\" class=\"input-info-voucher\">\r\n            <span class=\"error-input\">Questo campo \u00e8 obbligatorio.<\/span>\r\n        <\/div>\r\n    <\/div><div class=\"shipping-postcode\">\r\n        <div class=\"voucher-template-input\">\r\n            <input value=\"\" id=\"voucher_shipping_postcode\" placeholder=\"Codice postale\n\" name=\"voucher_shipping_postcode\" type=\"text\" class=\"input-info-voucher\">\r\n            <span class=\"error-input\">Questo campo \u00e8 obbligatorio.<\/span>\r\n        <\/div>\r\n    <\/div>    \r\n    <div class=\"shipping-method\"><label data-value=\"3\"><input type=\"radio\" name=\"shipping_method\" value=\"Lettre Prioritaire - 3.00\u20ac\" class=\"radio-field\"> Lettre Prioritaire - 3.00\u20ac<\/label><label data-value=\"1.50\"><input type=\"radio\" name=\"shipping_method\" value=\"Lettre Verte - 1.50\u20ac\" class=\"radio-field\"> Lettre Verte - 1.50\u20ac<\/label><\/div><\/div><div class=\"choose-payment-method\"><div class=\"\" id=\"wpgv_payment_gateway\"><label>Metodo di pagamento<\/label><select name=\"payment_gateway\" id=\"payment_gateway\" class=\"form-field\"><option value=\"Stripe\">Stripe<\/option><option value=\"Per Invoice\">Per Invoice<\/option><\/select><\/div><\/div> \r\n        <div class=\"order-voucher-details\"><div class=\"order-detail-voucher-template\"><div class=\"order-info\"><h6 class=\"title-order\">Il tuo ordine<\/h6><\/div><div class=\"order-info\"><div class=\"order-info-content name-voucher\"><h5 class=\"title-order\">Buono regalo<\/h5><\/div><div class=\"price-voucher currency_right\"><span class=\"currency\">\u20ac<\/span><span class=\"currency-price-value\"><\/span><\/div><div class=\"order-info-name\">Il tuo nome<span class=\"order-your-name\"><\/span><\/h5><\/div><\/div><div class=\"order-info order-info-shipping\"><h5 class=\"title-order\">Spedizione<\/h5><div class=\"price-voucher-shipping currency_right\"><span class=\"currency\">\u20ac<\/span><span class=\"currency-price-shipping\"><\/span><\/div><\/div><div class=\"order-info order-info-total\"><h5 class=\"title-order\">Totale<\/h5><div class=\"price-voucher-total currency_right\"><span class=\"currency\">\u20ac<\/span><span class=\"price-total\"><\/span><\/div><\/div><\/div><div class=\"acceptVoucherTerms\">\r\n        <label><input type=\"checkbox\" class=\"required cccc\" name=\"acceptVoucherTerms\"> J'accepte par la pr\u00e9sente les termes et conditions, la r\u00e9vocation de la politique de confidentialit\u00e9 et confirme que toutes les informations sont correctes.<\/label>\r\n        <span class=\"error-input\">Questo campo \u00e8 obbligatorio.<\/span>\r\n        <div class=\"voucherNote\">Note: Le bon cadeau est valide 1 an et peut \u00eatre \u00e9chang\u00e9 \u00e0 La Dolce Vita.<\/div>\r\n    <\/div><\/div>                                  \r\n    <\/div><\/div> \r\n                                <div class=\"wrapper-infomation-voucher-template\" id=\"order-voucher-details-overview\"><div class=\"overview_voucher_template\"><div class=\"order-voucher order-voucher-price \"><span>Valore del buono<\/span><p class=\"value-price-voucher currency_right\">\u20ac<span class=\"price\"><\/span><\/p><\/div><div class=\"order-voucher order-voucher-recipient-email\"><span>Invia il voucher all'email del destinatario qui<\/span><p class=\"value-recipient-email\"><span class=\"recipient-email\"><\/span><\/p><\/div><div class=\"order-voucher order-voucher-email\"><span>Il tuo indirizzo email (per la ricevuta)<\/span><p class=\"value-you-email\"><span class=\"email\"><\/span><\/p><\/div><div class=\"order-voucher order-voucher-full-name\"><span>Full Name<\/span><p class=\"value-full-name\"><span class=\"full-name\"><\/span><\/p><\/div><div class=\"order-voucher order-voucher-address\"><span>Indirizzo<\/span><p class=\"value-address-voucher\"><span class=\"address-voucher\"><\/span><\/p><\/div><div class=\"order-voucher order-voucher-postcode\"><span>Codice postale\n<\/span><p class=\"value-postcode-voucher\"><span class=\"postcode-voucher\"><\/span><\/p><\/div><div class=\"order-voucher order-voucher-shipping\"><span>Spedizione<\/span><p class=\"value-shipping-voucher\"><span class=\"shipping-voucher\"><\/span><\/p><\/div><div class=\"order-voucher order-voucher-payment-method\"><span>Metodo di pagamento\n<\/span><p class=\"value-payment-method-voucher\"><span class=\"payment-method-voucher\"><\/span><\/p><\/div><\/div><\/div>\r\n                            <\/div>\r\n                        <\/div>\r\n                        <div id=\"select-template-voucher\" class=\"wrap-main-voucher-template\">\r\n                        <div id=\"template_giftcard_container_1\"><\/div>\r\n                        \r\n                        <\/div>\r\n                    <\/div>\r\n                    <div class=\"\" style=\" position: absolute;top: -1000000px;left: -1000000px;width:100%;max-width:100%;\">\r\n                        <div id=\"template_giftcard_container_2\"><\/div>\r\n                    <\/div>\r\n                <\/div>\r\n                <div id=\"voucher-continue-step\">\r\n                    <div class=\"next-prev-button prev-button\">\r\n                        <a href=\"javascript:;\" class=\"voucher-prev-step\" data-prev-step=\"1\"><span><i class=\"fa fa-angle-left\" aria-hidden=\"true\"><\/i><\/span>Precedente<\/a>\r\n                    <\/div>\r\n                    <div class=\"next-prev-button next-button\">\r\n                        <input type=\"hidden\" value=\"\" id=\"dataVoucher\"\/>\r\n                        <input type=\"hidden\" value=\"3\" id=\"number_giftcard_sl\"\/><a href=\"javascript:;\" id=\"payment-voucher-template\">Paga ora<span><i class=\"fa fa-angle-right\" aria-hidden=\"true\"><\/i><\/span><\/a>\r\n                        <a href=\"javascript:;\" class=\"voucher-next-step\" data-next-step=\"3\">seguente\n<span><i class=\"fa fa-angle-right\" aria-hidden=\"true\"><\/i><\/span><\/a>\r\n                    <\/div>\r\n                <\/div>              \r\n            <\/div>\r\n        <\/div><\/div><style type=\"text\/css\">\r\n        .giftvoucher-template-steps .giftvoucher-step.active{ background: #715e4e!important;}\r\n        #slider-giftvoucher-template .item-voucher-template, .giftvoucher-template-steps .giftvoucher-step.passed .step-number {\r\n            background: #715e4e!important;\r\n            border-color: #715e4e!important;\r\n        }\r\n        .giftvoucher-template-steps .giftvoucher-step.passed, #voucher-template-name-step .number-step, .format-category-voucher-template ul li.active, #giftvoucher-template .list-category-voucher .category-nav-item.active .category-voucher-item, #slider-giftvoucher-template .layout-button, #giftvoucher-template .progress .progress-bar, #voucher-template-name-step .number-step, #giftvoucher-template #voucher-continue-step .next-button a.voucher-next-step, #giftvoucher-template #voucher-continue-step .next-prev-button a:hover, .buying-options div.active, #giftvoucher-template .choose-shipping-template .shipping-type.active, #giftvoucher-template .choose-shipping-template .shipping-type:hover, #payment-voucher-template{\r\n            background: #715e4e!important;\r\n        }\r\n        #giftvoucher-template .voucher-template-input .input-info-voucher, #giftvoucher-template #wpgv_payment_gateway #payment_gateway {border-color: #715e4e!important;}\r\n        .giftvoucher-template-steps .giftvoucher-step.active .step-number {\r\n            color: #715e4e!important;\r\n        }\r\n        .voucher-content-step.loading:after, #setup-voucher-template.loading:after {\r\n            content: url(https:\/\/ladolcevita-bretagne.com\/ladolcevita\/wp-content\/plugins\/gift-voucher-pro\/assets\/img\/loader.gif) !important;\r\n        }\r\n    <\/style><style><\/style><\/div>\n\t\t\t\t\t\t<\/div>\n\t\t\t\t<\/div>\n\t\t\t\t\t<\/div>\n\t\t<\/div>\n\t\t\t\t\t<\/div>\n\t\t<\/section>\n\t\t\t\t<\/div>\n\t\t","protected":false},"excerpt":{"rendered":"<p>Tratta i tuoi cari offrendo loro una carta regalo!<\/p>\n","protected":false},"author":1,"featured_media":0,"parent":0,"menu_order":0,"comment_status":"closed","ping_status":"closed","template":"","meta":{"footnotes":""},"class_list":["post-805","page","type-page","status-publish","hentry"],"_links":{"self":[{"href":"https:\/\/ladolcevita-bretagne.com\/it\/wp-json\/wp\/v2\/pages\/805","targetHints":{"allow":["GET"]}}],"collection":[{"href":"https:\/\/ladolcevita-bretagne.com\/it\/wp-json\/wp\/v2\/pages"}],"about":[{"href":"https:\/\/ladolcevita-bretagne.com\/it\/wp-json\/wp\/v2\/types\/page"}],"author":[{"embeddable":true,"href":"https:\/\/ladolcevita-bretagne.com\/it\/wp-json\/wp\/v2\/users\/1"}],"replies":[{"embeddable":true,"href":"https:\/\/ladolcevita-bretagne.com\/it\/wp-json\/wp\/v2\/comments?post=805"}],"version-history":[{"count":2,"href":"https:\/\/ladolcevita-bretagne.com\/it\/wp-json\/wp\/v2\/pages\/805\/revisions"}],"predecessor-version":[{"id":923,"href":"https:\/\/ladolcevita-bretagne.com\/it\/wp-json\/wp\/v2\/pages\/805\/revisions\/923"}],"wp:attachment":[{"href":"https:\/\/ladolcevita-bretagne.com\/it\/wp-json\/wp\/v2\/media?parent=805"}],"curies":[{"name":"wp","href":"https:\/\/api.w.org\/{rel}","templated":true}]}}