{"id":983,"date":"2021-12-15T09:25:37","date_gmt":"2021-12-15T09:25:37","guid":{"rendered":"https:\/\/ladolcevita-bretagne.com\/datenschutz-bestimmungen\/"},"modified":"2021-12-15T09:25:38","modified_gmt":"2021-12-15T09:25:38","slug":"datenschutz-bestimmungen","status":"publish","type":"page","link":"https:\/\/ladolcevita-bretagne.com\/de\/datenschutz-bestimmungen\/","title":{"rendered":"Datenschutz-Bestimmungen"},"content":{"rendered":"\t\t<div data-elementor-type=\"wp-page\" data-elementor-id=\"983\" class=\"elementor elementor-983 elementor-3\" data-elementor-post-type=\"page\">\n\t\t\t\t\t\t<section class=\"elementor-section elementor-top-section elementor-element elementor-element-2baacb6 elementor-section-boxed elementor-section-height-default elementor-section-height-default\" data-id=\"2baacb6\" data-element_type=\"section\" data-e-type=\"section\" data-settings=\"{&quot;background_background&quot;:&quot;classic&quot;}\">\n\t\t\t\t\t\t<div class=\"elementor-container elementor-column-gap-default\">\n\t\t\t\t\t<div class=\"elementor-column elementor-col-100 elementor-top-column elementor-element elementor-element-00edd7d\" data-id=\"00edd7d\" data-element_type=\"column\" data-e-type=\"column\" data-settings=\"{&quot;background_background&quot;:&quot;classic&quot;}\">\n\t\t\t<div class=\"elementor-widget-wrap elementor-element-populated\">\n\t\t\t\t\t\t<div class=\"elementor-element elementor-element-c89dedc elementor-widget elementor-widget-text-editor\" data-id=\"c89dedc\" data-element_type=\"widget\" data-e-type=\"widget\" data-widget_type=\"text-editor.default\">\n\t\t\t\t<div class=\"elementor-widget-container\">\n\t\t\t\t\t\t\t\t\t<h1><span style=\"color: inherit; font-family: inherit;\">Datenschutz-Bestimmungen<\/span><\/h1>\n<p>La Dolce Vita verpflichtet sich, ihre Verpflichtungen aus den oben genannten Vorschriften und insbesondere der Datenschutz-Grundverordnung (RGPD) einzuhalten.<\/p>\n<h2>Verwendung der erhobenen personenbezogenen Daten<\/h2>\n<p>Wir k\u00f6nnen personenbezogene Daten ohne die folgenden F\u00e4lle erheben:<\/p>\n<h3><span style=\"font-size: 1.75rem;\">Geschenkgutschein<\/span><br \/><\/h3>\n<div>Im Rahmen des Verkaufs von Geschenkgutscheinen speichern wir folgende Daten: Ihren Namen, den Namen des Beschenkten, Ihre E-Mail-Adresse und die E-Mail-Adresse des Empf\u00e4ngers, wenn Sie diese Option w\u00e4hlen. Diese Daten werden in Frankreich auf einem durch ein https-Protokoll gesicherten Server gespeichert. Die Dolce Vita-Website wird regelm\u00e4\u00dfig aktualisiert und entspricht guten IT-Sicherheitspraktiken. Die in diesem Zusammenhang erhobenen Daten werden ausschlie\u00dflich zur Erf\u00fcllung Ihrer Bestellung verwendet. Diese Informationen werden weder an Dritte weitergegeben noch verkauft.<\/div>\n<h3 style=\"font-family: brandon-grotesque, sans-serif; color: rgb(0, 0, 0);\">Reservierung<\/h3>\n<div>Alle bei einer Reservierung \u00fcbermittelten Daten werden von der Firma Eviivo gespeichert. Sie k\u00f6nnen ihre Datenschutzerkl\u00e4rung hier abrufen:&nbsp; https:\/\/eviivo.com\/fr\/politique-de-confidentialite\/<\/div>\n<div><\/div>\n<h3 style=\"font-family: brandon-grotesque, sans-serif; color: rgb(0, 0, 0);\"><span style=\"color: var( --e-global-color-text ); font-family: var( --e-global-typography-text-font-family ), Sans-serif; font-weight: var( --e-global-typography-text-font-weight ); font-size: 18px;\">Wir verwenden ein DSGVO-konformes statistisches Tracking-Tool, das keine personenbezogenen Daten speichert.<\/span><br \/><\/h3>\n<div><\/div>\n\t\t\t\t\t\t\t\t<\/div>\n\t\t\t\t<\/div>\n\t\t\t\t<div class=\"elementor-element elementor-element-1329a01 elementor-widget elementor-widget-text-editor\" data-id=\"1329a01\" data-element_type=\"widget\" data-e-type=\"widget\" data-widget_type=\"text-editor.default\">\n\t\t\t\t<div class=\"elementor-widget-container\">\n\t\t\t\t\t\t\t\t\t<h1><span style=\"color: inherit; font-family: inherit; font-size: 1.75rem;\">Von anderen Websites eingebettete Inhalte<\/span><\/h1>\n<p>Artikel auf dieser Site k\u00f6nnen eingebettete Inhalte (zB Videos, Bilder, Artikel usw.) enthalten. Von anderen Sites eingebettete Inhalte verhalten sich genauso, als ob der Besucher diese andere Site besuchen w\u00fcrde.<\/p>\n<p>Diese Websites k\u00f6nnen Daten \u00fcber Sie sammeln, Cookies verwenden, Tracking-Tools von Drittanbietern einbetten, Ihre Interaktionen mit diesen eingebetteten Inhalten verfolgen, wenn Sie ein verbundenes Konto auf ihrer Website haben.<\/p>\n<h2>Nutzung und Weitergabe Ihrer personenbezogenen Daten<\/h2>\n<p>Wir untersagen jeglichen Weiterverkauf Ihrer Daten sowie jede Nutzung f\u00fcr pers\u00f6nliche Zwecke (wie Data-Mining, Profiling oder Direktmarketing-Aktivit\u00e4ten).<\/p>\n<p>Im Rahmen einer Reservierung werden auf unserer Website keine personenbezogenen Daten gespeichert. Unser Online-Reservierungsanbieter Eviivo ist DSGVO-konform. Sie k\u00f6nnen die Datenschutzerkl\u00e4rung einsehen, indem Sie <a href=\"https:\/\/eviivo.com\/privacy-policy\/\">hier<\/a> klicken.<\/p>\n<h2>Wie lange werden Ihre Daten gespeichert<\/h2>\n<p>Cookies zur Zuschauermessung werden 12 Monate lang aufbewahrt.<\/p>\n<h2>Ihre Rechte an Ihren Daten<\/h2>\n<p>In \u00dcbereinstimmung mit den Vorschriften zum Schutz personenbezogener Daten, insbesondere Artikel 15 bis 22 RGPD, k\u00f6nnen Sie nach Nachweis Ihrer Identit\u00e4t eine Datei mit allen personenbezogenen Daten anfordern, die wir \u00fcber Sie haben, einschlie\u00dflich derjenigen, die Sie haben uns zur Verf\u00fcgung gestellt haben. Sie k\u00f6nnen auch die L\u00f6schung der Sie betreffenden personenbezogenen Daten verlangen. Aus administrativen, rechtlichen oder sicherheitstechnischen Gr\u00fcnden gespeicherte Daten bleiben hiervon unber\u00fccksichtigt.<\/p>\n<p>Zur Geltendmachung Ihrer Rechte k\u00f6nnen Sie La Dolce Vita unter folgender E-Mail-Adresse kontaktieren: info@ladolcevita-bretagne.com oder unter folgender Postadresse: 74, Hent ar Bleizi &#8211; 29170 Fouesnant, mit einer Kopie Ihrer Anfrage. &#8220; ein Ausweisdokument. 2<\/p>\n\t\t\t\t\t\t\t\t<\/div>\n\t\t\t\t<\/div>\n\t\t\t\t\t<\/div>\n\t\t<\/div>\n\t\t\t\t\t<\/div>\n\t\t<\/section>\n\t\t\t\t<\/div>\n\t\t","protected":false},"excerpt":{"rendered":"<p>Datenschutz-Bestimmungen La Dolce Vita verpflichtet sich, ihre Verpflichtungen aus den oben genannten Vorschriften und insbesondere der Datenschutz-Grundverordnung (RGPD) einzuhalten. Verwendung der erhobenen personenbezogenen Daten Wir k\u00f6nnen personenbezogene Daten ohne die folgenden F\u00e4lle erheben: Geschenkgutschein Im Rahmen des Verkaufs von Geschenkgutscheinen speichern wir folgende Daten: Ihren Namen, den Namen des Beschenkten, Ihre E-Mail-Adresse und die E-Mail-Adresse [&hellip;]<\/p>\n","protected":false},"author":1,"featured_media":0,"parent":0,"menu_order":0,"comment_status":"closed","ping_status":"open","template":"","meta":{"footnotes":""},"class_list":["post-983","page","type-page","status-publish","hentry"],"_links":{"self":[{"href":"https:\/\/ladolcevita-bretagne.com\/de\/wp-json\/wp\/v2\/pages\/983","targetHints":{"allow":["GET"]}}],"collection":[{"href":"https:\/\/ladolcevita-bretagne.com\/de\/wp-json\/wp\/v2\/pages"}],"about":[{"href":"https:\/\/ladolcevita-bretagne.com\/de\/wp-json\/wp\/v2\/types\/page"}],"author":[{"embeddable":true,"href":"https:\/\/ladolcevita-bretagne.com\/de\/wp-json\/wp\/v2\/users\/1"}],"replies":[{"embeddable":true,"href":"https:\/\/ladolcevita-bretagne.com\/de\/wp-json\/wp\/v2\/comments?post=983"}],"version-history":[{"count":3,"href":"https:\/\/ladolcevita-bretagne.com\/de\/wp-json\/wp\/v2\/pages\/983\/revisions"}],"predecessor-version":[{"id":986,"href":"https:\/\/ladolcevita-bretagne.com\/de\/wp-json\/wp\/v2\/pages\/983\/revisions\/986"}],"wp:attachment":[{"href":"https:\/\/ladolcevita-bretagne.com\/de\/wp-json\/wp\/v2\/media?parent=983"}],"curies":[{"name":"wp","href":"https:\/\/api.w.org\/{rel}","templated":true}]}}