{"id":566,"date":"2021-11-29T17:15:57","date_gmt":"2021-11-29T17:15:57","guid":{"rendered":"https:\/\/ladolcevita-bretagne.com\/gaestetisch\/"},"modified":"2021-11-29T17:16:08","modified_gmt":"2021-11-29T17:16:08","slug":"gaestetisch","status":"publish","type":"page","link":"https:\/\/ladolcevita-bretagne.com\/de\/gaestetisch\/","title":{"rendered":"G\u00c4STETISCH"},"content":{"rendered":"\t\t<div data-elementor-type=\"wp-page\" data-elementor-id=\"566\" class=\"elementor elementor-566 elementor-19\" data-elementor-post-type=\"page\">\n\t\t\t\t\t\t<section class=\"elementor-section elementor-top-section elementor-element elementor-element-70d21241 elementor-section-full_width elementor-section-height-min-height elementor-section-items-stretch elementor-section-height-default\" data-id=\"70d21241\" data-element_type=\"section\" data-e-type=\"section\">\n\t\t\t\t\t\t<div class=\"elementor-container elementor-column-gap-default\">\n\t\t\t\t\t<div class=\"elementor-column elementor-col-50 elementor-top-column elementor-element elementor-element-43bc2be3\" data-id=\"43bc2be3\" data-element_type=\"column\" data-e-type=\"column\" data-settings=\"{&quot;background_background&quot;:&quot;classic&quot;}\">\n\t\t\t<div class=\"elementor-widget-wrap elementor-element-populated\">\n\t\t\t\t\t\t<div class=\"elementor-element elementor-element-32a2c5a2 elementor-widget elementor-widget-spacer\" data-id=\"32a2c5a2\" data-element_type=\"widget\" data-e-type=\"widget\" data-widget_type=\"spacer.default\">\n\t\t\t\t<div class=\"elementor-widget-container\">\n\t\t\t\t\t\t\t<div class=\"elementor-spacer\">\n\t\t\t<div class=\"elementor-spacer-inner\"><\/div>\n\t\t<\/div>\n\t\t\t\t\t\t<\/div>\n\t\t\t\t<\/div>\n\t\t\t\t\t<\/div>\n\t\t<\/div>\n\t\t\t\t<div class=\"elementor-column elementor-col-50 elementor-top-column elementor-element elementor-element-4ef44df9\" data-id=\"4ef44df9\" data-element_type=\"column\" data-e-type=\"column\" data-settings=\"{&quot;background_background&quot;:&quot;classic&quot;}\">\n\t\t\t<div class=\"elementor-widget-wrap elementor-element-populated\">\n\t\t\t\t\t\t<div class=\"elementor-element elementor-element-2afbf477 elementor-widget elementor-widget-heading\" data-id=\"2afbf477\" data-element_type=\"widget\" data-e-type=\"widget\" data-widget_type=\"heading.default\">\n\t\t\t\t<div class=\"elementor-widget-container\">\n\t\t\t\t\t<h2 class=\"elementor-heading-title elementor-size-default\">G\u00c4STETISCH\n<\/h2>\t\t\t\t<\/div>\n\t\t\t\t<\/div>\n\t\t\t\t<div class=\"elementor-element elementor-element-4a24dacb elementor-widget-divider--view-line elementor-widget elementor-widget-divider\" data-id=\"4a24dacb\" data-element_type=\"widget\" data-e-type=\"widget\" data-widget_type=\"divider.default\">\n\t\t\t\t<div class=\"elementor-widget-container\">\n\t\t\t\t\t\t\t<div class=\"elementor-divider\">\n\t\t\t<span class=\"elementor-divider-separator\">\n\t\t\t\t\t\t<\/span>\n\t\t<\/div>\n\t\t\t\t\t\t<\/div>\n\t\t\t\t<\/div>\n\t\t\t\t<div class=\"elementor-element elementor-element-10d2bcd elementor-widget elementor-widget-text-editor\" data-id=\"10d2bcd\" data-element_type=\"widget\" data-e-type=\"widget\" data-widget_type=\"text-editor.default\">\n\t\t\t\t<div class=\"elementor-widget-container\">\n\t\t\t\t\t\t\t\t\t<p class=\"p1\">G\u00f6nnen Sie sich die Gaumenfreuden der hervorragenden Kochkunst von Pascale.<\/p>\n<p class=\"p1\">Die f\u00fcr Sie zusammengestellten Men\u00fcs sind ein Genuss f\u00fcr Gaumen und Augen und finden ihre Inspiration im bretonischen Terroir, der belgischen Herkunft der K\u00f6chin und deren italienischen Abenteuern!<\/p>\n<p class=\"p1\">Die Kombination von Geschmackserlebnissen und Raffinesse vom Aperitif bis hin zum Nachtisch wird Ihnen gefallen\u2026<\/p>\n\t\t\t\t\t\t\t\t<\/div>\n\t\t\t\t<\/div>\n\t\t\t\t\t<\/div>\n\t\t<\/div>\n\t\t\t\t\t<\/div>\n\t\t<\/section>\n\t\t\t\t<section class=\"elementor-section elementor-top-section elementor-element elementor-element-35afe0c4 elementor-section-full_width elementor-section-height-min-height elementor-section-items-stretch elementor-section-height-default\" data-id=\"35afe0c4\" data-element_type=\"section\" data-e-type=\"section\">\n\t\t\t\t\t\t<div class=\"elementor-container elementor-column-gap-default\">\n\t\t\t\t\t<div class=\"elementor-column elementor-col-50 elementor-top-column elementor-element elementor-element-29d0490b\" data-id=\"29d0490b\" data-element_type=\"column\" data-e-type=\"column\" data-settings=\"{&quot;background_background&quot;:&quot;classic&quot;}\">\n\t\t\t<div class=\"elementor-widget-wrap elementor-element-populated\">\n\t\t\t\t\t\t<div class=\"elementor-element elementor-element-6f20d601 elementor-widget elementor-widget-heading\" data-id=\"6f20d601\" data-element_type=\"widget\" data-e-type=\"widget\" data-widget_type=\"heading.default\">\n\t\t\t\t<div class=\"elementor-widget-container\">\n\t\t\t\t\t<h2 class=\"elementor-heading-title elementor-size-default\">Ein kleiner Vorgeschmack \u2026\n<\/h2>\t\t\t\t<\/div>\n\t\t\t\t<\/div>\n\t\t\t\t<div class=\"elementor-element elementor-element-52452087 elementor-widget-divider--view-line elementor-widget elementor-widget-divider\" data-id=\"52452087\" data-element_type=\"widget\" data-e-type=\"widget\" data-widget_type=\"divider.default\">\n\t\t\t\t<div class=\"elementor-widget-container\">\n\t\t\t\t\t\t\t<div class=\"elementor-divider\">\n\t\t\t<span class=\"elementor-divider-separator\">\n\t\t\t\t\t\t<\/span>\n\t\t<\/div>\n\t\t\t\t\t\t<\/div>\n\t\t\t\t<\/div>\n\t\t\t\t<div class=\"elementor-element elementor-element-3fe197cc elementor-widget elementor-widget-text-editor\" data-id=\"3fe197cc\" data-element_type=\"widget\" data-e-type=\"widget\" data-widget_type=\"text-editor.default\">\n\t\t\t\t<div class=\"elementor-widget-container\">\n\t\t\t\t\t\t\t\t\t<p>Spargel-Risotto und Herzmuschelsaft, pfannengebratener Kaisergranat und Schafsk\u00e4se-Pl\u00e4tzchen<br \/>Kurz angebratene Jakobsmuscheln mit Chorizo-W\u00fcrfeln und Linguini mit Sepia-Tinte, Limettensauce<br \/>Lamm in Gew\u00fcrzkruste, franz\u00f6sischer Kartoffelgratin mit Rosmarin und Spinat aus der Pfanne mit Pistazien<br \/>Panna cotta mit Tonkabohnen-Aroma, Mangop\u00fcree und Johannisbeer-Ccroustillant<\/p>\n\t\t\t\t\t\t\t\t<\/div>\n\t\t\t\t<\/div>\n\t\t\t\t\t<\/div>\n\t\t<\/div>\n\t\t\t\t<div class=\"elementor-column elementor-col-50 elementor-top-column elementor-element elementor-element-1367b505\" data-id=\"1367b505\" data-element_type=\"column\" data-e-type=\"column\" data-settings=\"{&quot;background_background&quot;:&quot;classic&quot;}\">\n\t\t\t<div class=\"elementor-widget-wrap elementor-element-populated\">\n\t\t\t\t\t\t<div class=\"elementor-element elementor-element-6a866087 elementor-widget elementor-widget-spacer\" data-id=\"6a866087\" data-element_type=\"widget\" data-e-type=\"widget\" data-widget_type=\"spacer.default\">\n\t\t\t\t<div class=\"elementor-widget-container\">\n\t\t\t\t\t\t\t<div class=\"elementor-spacer\">\n\t\t\t<div class=\"elementor-spacer-inner\"><\/div>\n\t\t<\/div>\n\t\t\t\t\t\t<\/div>\n\t\t\t\t<\/div>\n\t\t\t\t\t<\/div>\n\t\t<\/div>\n\t\t\t\t\t<\/div>\n\t\t<\/section>\n\t\t\t\t<section class=\"elementor-section elementor-top-section elementor-element elementor-element-8371d48 elementor-section-full_width elementor-section-height-min-height elementor-section-items-stretch elementor-section-height-default\" data-id=\"8371d48\" data-element_type=\"section\" data-e-type=\"section\">\n\t\t\t\t\t\t<div class=\"elementor-container elementor-column-gap-default\">\n\t\t\t\t\t<div class=\"elementor-column elementor-col-50 elementor-top-column elementor-element elementor-element-38f3336d\" data-id=\"38f3336d\" data-element_type=\"column\" data-e-type=\"column\" data-settings=\"{&quot;background_background&quot;:&quot;classic&quot;}\">\n\t\t\t<div class=\"elementor-widget-wrap elementor-element-populated\">\n\t\t\t\t\t\t<div class=\"elementor-element elementor-element-40df409d elementor-widget elementor-widget-spacer\" data-id=\"40df409d\" data-element_type=\"widget\" data-e-type=\"widget\" data-widget_type=\"spacer.default\">\n\t\t\t\t<div class=\"elementor-widget-container\">\n\t\t\t\t\t\t\t<div class=\"elementor-spacer\">\n\t\t\t<div class=\"elementor-spacer-inner\"><\/div>\n\t\t<\/div>\n\t\t\t\t\t\t<\/div>\n\t\t\t\t<\/div>\n\t\t\t\t\t<\/div>\n\t\t<\/div>\n\t\t\t\t<div class=\"elementor-column elementor-col-50 elementor-top-column elementor-element elementor-element-8ab8722\" data-id=\"8ab8722\" data-element_type=\"column\" data-e-type=\"column\" data-settings=\"{&quot;background_background&quot;:&quot;classic&quot;}\">\n\t\t\t<div class=\"elementor-widget-wrap elementor-element-populated\">\n\t\t\t\t\t\t<div class=\"elementor-element elementor-element-5229f299 elementor-widget elementor-widget-heading\" data-id=\"5229f299\" data-element_type=\"widget\" data-e-type=\"widget\" data-widget_type=\"heading.default\">\n\t\t\t\t<div class=\"elementor-widget-container\">\n\t\t\t\t\t<h2 class=\"elementor-heading-title elementor-size-default\">INFORMATIONEN\n<\/h2>\t\t\t\t<\/div>\n\t\t\t\t<\/div>\n\t\t\t\t<div class=\"elementor-element elementor-element-815780e elementor-widget-divider--view-line elementor-widget elementor-widget-divider\" data-id=\"815780e\" data-element_type=\"widget\" data-e-type=\"widget\" data-widget_type=\"divider.default\">\n\t\t\t\t<div class=\"elementor-widget-container\">\n\t\t\t\t\t\t\t<div class=\"elementor-divider\">\n\t\t\t<span class=\"elementor-divider-separator\">\n\t\t\t\t\t\t<\/span>\n\t\t<\/div>\n\t\t\t\t\t\t<\/div>\n\t\t\t\t<\/div>\n\t\t\t\t<div class=\"elementor-element elementor-element-5934f7ed elementor-widget elementor-widget-text-editor\" data-id=\"5934f7ed\" data-element_type=\"widget\" data-e-type=\"widget\" data-widget_type=\"text-editor.default\">\n\t\t\t\t<div class=\"elementor-widget-container\">\n\t\t\t\t\t\t\t\t\t<p>Der G\u00e4stetisch muss 48 h zuvor angemeldet werden,<br \/>f\u00fcr mindestens 4 Erwachsene.<\/p>\n<p>Preis: 45 \u20ac pro Person, darin inbegriffen:<br \/>Der Aperitif Dolce Vita, Vorspeise, Hauptgericht, Nachtisch und Kaffee mit Kleingeb\u00e4ck (2 Gl\u00e4ser Wein inklusive).<\/p>\n<p>Kinder-Men\u00fc: 18 \u20ac<\/p>\n\t\t\t\t\t\t\t\t<\/div>\n\t\t\t\t<\/div>\n\t\t\t\t\t<\/div>\n\t\t<\/div>\n\t\t\t\t\t<\/div>\n\t\t<\/section>\n\t\t\t\t<section class=\"elementor-section elementor-top-section elementor-element elementor-element-2dd485b elementor-section-full_width elementor-section-height-default elementor-section-height-default\" data-id=\"2dd485b\" data-element_type=\"section\" data-e-type=\"section\">\n\t\t\t\t\t\t<div class=\"elementor-container elementor-column-gap-default\">\n\t\t\t\t\t<div class=\"elementor-column elementor-col-100 elementor-top-column elementor-element elementor-element-42795bb\" data-id=\"42795bb\" data-element_type=\"column\" data-e-type=\"column\">\n\t\t\t<div class=\"elementor-widget-wrap elementor-element-populated\">\n\t\t\t\t\t\t<div class=\"elementor-element elementor-element-eafd3d0 elementor-widget elementor-widget-gallery\" data-id=\"eafd3d0\" data-element_type=\"widget\" data-e-type=\"widget\" data-settings=\"{&quot;columns&quot;:8,&quot;gap&quot;:{&quot;unit&quot;:&quot;px&quot;,&quot;size&quot;:0,&quot;sizes&quot;:[]},&quot;aspect_ratio&quot;:&quot;4:3&quot;,&quot;lazyload&quot;:&quot;yes&quot;,&quot;gallery_layout&quot;:&quot;grid&quot;,&quot;columns_tablet&quot;:2,&quot;columns_mobile&quot;:1,&quot;gap_tablet&quot;:{&quot;unit&quot;:&quot;px&quot;,&quot;size&quot;:10,&quot;sizes&quot;:[]},&quot;gap_mobile&quot;:{&quot;unit&quot;:&quot;px&quot;,&quot;size&quot;:10,&quot;sizes&quot;:[]},&quot;link_to&quot;:&quot;file&quot;,&quot;overlay_background&quot;:&quot;yes&quot;,&quot;content_hover_animation&quot;:&quot;fade-in&quot;}\" data-widget_type=\"gallery.default\">\n\t\t\t\t<div class=\"elementor-widget-container\">\n\t\t\t\t\t\t\t<div class=\"elementor-gallery__container\">\n\t\t\t\t\t\t\t<a class=\"e-gallery-item elementor-gallery-item elementor-animated-content\" href=\"https:\/\/ladolcevita-bretagne.com\/wp-content\/uploads\/2021\/11\/table-hote-62-1.jpg\" data-elementor-open-lightbox=\"yes\" data-elementor-lightbox-slideshow=\"eafd3d0\" data-e-action-hash=\"#elementor-action%3Aaction%3Dlightbox%26settings%3DeyJpZCI6MjE4LCJ1cmwiOiJodHRwczpcL1wvbGFkb2xjZXZpdGEtYnJldGFnbmUuY29tXC93cC1jb250ZW50XC91cGxvYWRzXC8yMDIxXC8xMVwvdGFibGUtaG90ZS02Mi0xLmpwZyIsInNsaWRlc2hvdyI6ImVhZmQzZDAifQ%3D%3D\">\n\t\t\t\t\t<div class=\"e-gallery-image elementor-gallery-item__image\" data-thumbnail=\"https:\/\/ladolcevita-bretagne.com\/wp-content\/uploads\/2021\/11\/table-hote-62-1-225x300.jpg\" data-width=\"225\" data-height=\"300\" aria-label=\"\" role=\"img\" ><\/div>\n\t\t\t\t\t\t\t\t\t\t\t<div class=\"elementor-gallery-item__overlay\"><\/div>\n\t\t\t\t\t\t\t\t\t\t\t\t\t\t<\/a>\n\t\t\t\t\t\t\t<a class=\"e-gallery-item elementor-gallery-item elementor-animated-content\" href=\"https:\/\/ladolcevita-bretagne.com\/wp-content\/uploads\/2021\/11\/table-hote-101.jpg\" data-elementor-open-lightbox=\"yes\" data-elementor-lightbox-slideshow=\"eafd3d0\" data-e-action-hash=\"#elementor-action%3Aaction%3Dlightbox%26settings%3DeyJpZCI6MjE1LCJ1cmwiOiJodHRwczpcL1wvbGFkb2xjZXZpdGEtYnJldGFnbmUuY29tXC93cC1jb250ZW50XC91cGxvYWRzXC8yMDIxXC8xMVwvdGFibGUtaG90ZS0xMDEuanBnIiwic2xpZGVzaG93IjoiZWFmZDNkMCJ9\">\n\t\t\t\t\t<div class=\"e-gallery-image elementor-gallery-item__image\" data-thumbnail=\"https:\/\/ladolcevita-bretagne.com\/wp-content\/uploads\/2021\/11\/table-hote-101-225x300.jpg\" data-width=\"225\" data-height=\"300\" aria-label=\"\" role=\"img\" ><\/div>\n\t\t\t\t\t\t\t\t\t\t\t<div class=\"elementor-gallery-item__overlay\"><\/div>\n\t\t\t\t\t\t\t\t\t\t\t\t\t\t<\/a>\n\t\t\t\t\t\t\t<a class=\"e-gallery-item elementor-gallery-item elementor-animated-content\" href=\"https:\/\/ladolcevita-bretagne.com\/wp-content\/uploads\/2021\/11\/table-hote-102.jpg\" data-elementor-open-lightbox=\"yes\" data-elementor-lightbox-slideshow=\"eafd3d0\" data-e-action-hash=\"#elementor-action%3Aaction%3Dlightbox%26settings%3DeyJpZCI6MjE0LCJ1cmwiOiJodHRwczpcL1wvbGFkb2xjZXZpdGEtYnJldGFnbmUuY29tXC93cC1jb250ZW50XC91cGxvYWRzXC8yMDIxXC8xMVwvdGFibGUtaG90ZS0xMDIuanBnIiwic2xpZGVzaG93IjoiZWFmZDNkMCJ9\">\n\t\t\t\t\t<div class=\"e-gallery-image elementor-gallery-item__image\" data-thumbnail=\"https:\/\/ladolcevita-bretagne.com\/wp-content\/uploads\/2021\/11\/table-hote-102-300x237.jpg\" data-width=\"300\" data-height=\"237\" aria-label=\"\" role=\"img\" ><\/div>\n\t\t\t\t\t\t\t\t\t\t\t<div class=\"elementor-gallery-item__overlay\"><\/div>\n\t\t\t\t\t\t\t\t\t\t\t\t\t\t<\/a>\n\t\t\t\t\t\t\t<a class=\"e-gallery-item elementor-gallery-item elementor-animated-content\" href=\"https:\/\/ladolcevita-bretagne.com\/wp-content\/uploads\/2021\/11\/table-hote-95.jpg\" data-elementor-open-lightbox=\"yes\" data-elementor-lightbox-slideshow=\"eafd3d0\" data-e-action-hash=\"#elementor-action%3Aaction%3Dlightbox%26settings%3DeyJpZCI6MjEzLCJ1cmwiOiJodHRwczpcL1wvbGFkb2xjZXZpdGEtYnJldGFnbmUuY29tXC93cC1jb250ZW50XC91cGxvYWRzXC8yMDIxXC8xMVwvdGFibGUtaG90ZS05NS5qcGciLCJzbGlkZXNob3ciOiJlYWZkM2QwIn0%3D\">\n\t\t\t\t\t<div class=\"e-gallery-image elementor-gallery-item__image\" data-thumbnail=\"https:\/\/ladolcevita-bretagne.com\/wp-content\/uploads\/2021\/11\/table-hote-95-225x300.jpg\" data-width=\"225\" data-height=\"300\" aria-label=\"\" role=\"img\" ><\/div>\n\t\t\t\t\t\t\t\t\t\t\t<div class=\"elementor-gallery-item__overlay\"><\/div>\n\t\t\t\t\t\t\t\t\t\t\t\t\t\t<\/a>\n\t\t\t\t\t\t\t<a class=\"e-gallery-item elementor-gallery-item elementor-animated-content\" href=\"https:\/\/ladolcevita-bretagne.com\/wp-content\/uploads\/2021\/11\/table-hote-110.jpg\" data-elementor-open-lightbox=\"yes\" data-elementor-lightbox-slideshow=\"eafd3d0\" data-e-action-hash=\"#elementor-action%3Aaction%3Dlightbox%26settings%3DeyJpZCI6MjEyLCJ1cmwiOiJodHRwczpcL1wvbGFkb2xjZXZpdGEtYnJldGFnbmUuY29tXC93cC1jb250ZW50XC91cGxvYWRzXC8yMDIxXC8xMVwvdGFibGUtaG90ZS0xMTAuanBnIiwic2xpZGVzaG93IjoiZWFmZDNkMCJ9\">\n\t\t\t\t\t<div class=\"e-gallery-image elementor-gallery-item__image\" data-thumbnail=\"https:\/\/ladolcevita-bretagne.com\/wp-content\/uploads\/2021\/11\/table-hote-110-225x300.jpg\" data-width=\"225\" data-height=\"300\" aria-label=\"\" role=\"img\" ><\/div>\n\t\t\t\t\t\t\t\t\t\t\t<div class=\"elementor-gallery-item__overlay\"><\/div>\n\t\t\t\t\t\t\t\t\t\t\t\t\t\t<\/a>\n\t\t\t\t\t\t\t<a class=\"e-gallery-item elementor-gallery-item elementor-animated-content\" href=\"https:\/\/ladolcevita-bretagne.com\/wp-content\/uploads\/2021\/11\/table-hote-70.jpg\" data-elementor-open-lightbox=\"yes\" data-elementor-lightbox-slideshow=\"eafd3d0\" data-e-action-hash=\"#elementor-action%3Aaction%3Dlightbox%26settings%3DeyJpZCI6MjA3LCJ1cmwiOiJodHRwczpcL1wvbGFkb2xjZXZpdGEtYnJldGFnbmUuY29tXC93cC1jb250ZW50XC91cGxvYWRzXC8yMDIxXC8xMVwvdGFibGUtaG90ZS03MC5qcGciLCJzbGlkZXNob3ciOiJlYWZkM2QwIn0%3D\">\n\t\t\t\t\t<div class=\"e-gallery-image elementor-gallery-item__image\" data-thumbnail=\"https:\/\/ladolcevita-bretagne.com\/wp-content\/uploads\/2021\/11\/table-hote-70-226x300.jpg\" data-width=\"226\" data-height=\"300\" aria-label=\"\" role=\"img\" ><\/div>\n\t\t\t\t\t\t\t\t\t\t\t<div class=\"elementor-gallery-item__overlay\"><\/div>\n\t\t\t\t\t\t\t\t\t\t\t\t\t\t<\/a>\n\t\t\t\t\t\t\t<a class=\"e-gallery-item elementor-gallery-item elementor-animated-content\" href=\"https:\/\/ladolcevita-bretagne.com\/wp-content\/uploads\/2021\/11\/table-hote-88.jpg\" data-elementor-open-lightbox=\"yes\" data-elementor-lightbox-slideshow=\"eafd3d0\" data-e-action-hash=\"#elementor-action%3Aaction%3Dlightbox%26settings%3DeyJpZCI6MjEwLCJ1cmwiOiJodHRwczpcL1wvbGFkb2xjZXZpdGEtYnJldGFnbmUuY29tXC93cC1jb250ZW50XC91cGxvYWRzXC8yMDIxXC8xMVwvdGFibGUtaG90ZS04OC5qcGciLCJzbGlkZXNob3ciOiJlYWZkM2QwIn0%3D\">\n\t\t\t\t\t<div class=\"e-gallery-image elementor-gallery-item__image\" data-thumbnail=\"https:\/\/ladolcevita-bretagne.com\/wp-content\/uploads\/2021\/11\/table-hote-88-225x300.jpg\" data-width=\"225\" data-height=\"300\" aria-label=\"\" role=\"img\" ><\/div>\n\t\t\t\t\t\t\t\t\t\t\t<div class=\"elementor-gallery-item__overlay\"><\/div>\n\t\t\t\t\t\t\t\t\t\t\t\t\t\t<\/a>\n\t\t\t\t\t\t\t<a class=\"e-gallery-item elementor-gallery-item elementor-animated-content\" href=\"https:\/\/ladolcevita-bretagne.com\/wp-content\/uploads\/2021\/11\/table-hote-89.jpg\" data-elementor-open-lightbox=\"yes\" data-elementor-lightbox-slideshow=\"eafd3d0\" data-e-action-hash=\"#elementor-action%3Aaction%3Dlightbox%26settings%3DeyJpZCI6MjA5LCJ1cmwiOiJodHRwczpcL1wvbGFkb2xjZXZpdGEtYnJldGFnbmUuY29tXC93cC1jb250ZW50XC91cGxvYWRzXC8yMDIxXC8xMVwvdGFibGUtaG90ZS04OS5qcGciLCJzbGlkZXNob3ciOiJlYWZkM2QwIn0%3D\">\n\t\t\t\t\t<div class=\"e-gallery-image elementor-gallery-item__image\" data-thumbnail=\"https:\/\/ladolcevita-bretagne.com\/wp-content\/uploads\/2021\/11\/table-hote-89-225x300.jpg\" data-width=\"225\" data-height=\"300\" aria-label=\"\" role=\"img\" ><\/div>\n\t\t\t\t\t\t\t\t\t\t\t<div class=\"elementor-gallery-item__overlay\"><\/div>\n\t\t\t\t\t\t\t\t\t\t\t\t\t\t<\/a>\n\t\t\t\t\t<\/div>\n\t\t\t\t\t<\/div>\n\t\t\t\t<\/div>\n\t\t\t\t\t<\/div>\n\t\t<\/div>\n\t\t\t\t\t<\/div>\n\t\t<\/section>\n\t\t\t\t<\/div>\n\t\t","protected":false},"excerpt":{"rendered":"<p>G\u00c4STETISCH G\u00f6nnen Sie sich die Gaumenfreuden der hervorragenden Kochkunst von Pascale. Die f\u00fcr Sie zusammengestellten Men\u00fcs sind ein Genuss f\u00fcr Gaumen und Augen und finden ihre Inspiration im bretonischen Terroir, der belgischen Herkunft der K\u00f6chin und deren italienischen Abenteuern! Die Kombination von Geschmackserlebnissen und Raffinesse vom Aperitif bis hin zum Nachtisch wird Ihnen gefallen\u2026 Ein [&hellip;]<\/p>\n","protected":false},"author":1,"featured_media":0,"parent":0,"menu_order":0,"comment_status":"closed","ping_status":"closed","template":"","meta":{"footnotes":""},"class_list":["post-566","page","type-page","status-publish","hentry"],"_links":{"self":[{"href":"https:\/\/ladolcevita-bretagne.com\/de\/wp-json\/wp\/v2\/pages\/566","targetHints":{"allow":["GET"]}}],"collection":[{"href":"https:\/\/ladolcevita-bretagne.com\/de\/wp-json\/wp\/v2\/pages"}],"about":[{"href":"https:\/\/ladolcevita-bretagne.com\/de\/wp-json\/wp\/v2\/types\/page"}],"author":[{"embeddable":true,"href":"https:\/\/ladolcevita-bretagne.com\/de\/wp-json\/wp\/v2\/users\/1"}],"replies":[{"embeddable":true,"href":"https:\/\/ladolcevita-bretagne.com\/de\/wp-json\/wp\/v2\/comments?post=566"}],"version-history":[{"count":5,"href":"https:\/\/ladolcevita-bretagne.com\/de\/wp-json\/wp\/v2\/pages\/566\/revisions"}],"predecessor-version":[{"id":571,"href":"https:\/\/ladolcevita-bretagne.com\/de\/wp-json\/wp\/v2\/pages\/566\/revisions\/571"}],"wp:attachment":[{"href":"https:\/\/ladolcevita-bretagne.com\/de\/wp-json\/wp\/v2\/media?parent=566"}],"curies":[{"name":"wp","href":"https:\/\/api.w.org\/{rel}","templated":true}]}}