{"id":563,"date":"2021-11-29T17:13:53","date_gmt":"2021-11-29T17:13:53","guid":{"rendered":"https:\/\/ladolcevita-bretagne.com\/reservierung\/"},"modified":"2021-11-29T17:13:54","modified_gmt":"2021-11-29T17:13:54","slug":"reservierung","status":"publish","type":"page","link":"https:\/\/ladolcevita-bretagne.com\/de\/reservierung\/","title":{"rendered":"Reservierung"},"content":{"rendered":"\t\t<div data-elementor-type=\"wp-page\" data-elementor-id=\"563\" class=\"elementor elementor-563 elementor-18\" data-elementor-post-type=\"page\">\n\t\t\t\t\t\t<section class=\"elementor-section elementor-top-section elementor-element elementor-element-2060a29 elementor-section-boxed elementor-section-height-default elementor-section-height-default\" data-id=\"2060a29\" data-element_type=\"section\" data-e-type=\"section\" data-settings=\"{&quot;background_background&quot;:&quot;classic&quot;}\">\n\t\t\t\t\t\t<div class=\"elementor-container elementor-column-gap-default\">\n\t\t\t\t\t<div class=\"elementor-column elementor-col-100 elementor-top-column elementor-element elementor-element-eac2e62\" data-id=\"eac2e62\" data-element_type=\"column\" data-e-type=\"column\" data-settings=\"{&quot;background_background&quot;:&quot;classic&quot;}\">\n\t\t\t<div class=\"elementor-widget-wrap elementor-element-populated\">\n\t\t\t\t\t\t<div class=\"elementor-element elementor-element-a37572d elementor-widget elementor-widget-text-editor\" data-id=\"a37572d\" data-element_type=\"widget\" data-e-type=\"widget\" data-widget_type=\"text-editor.default\">\n\t\t\t\t<div class=\"elementor-widget-container\">\n\t\t\t\t\t\t\t\t\t<div class=\"wpb_text_column wpb_content_element \">\n<div class=\"wpb_wrapper\">\n<h1>ZIMMERPREISE<\/h1>\n<h2>Auf der Basis einer Zimmerbelegung mit 2 Erwachsenen<\/h2>\n<p>Die Preise beinhalten die \u00dcbernachtung im Doppelzimmer und das Gourmet-Fr\u00fchst\u00fcck f\u00fcr zwei Personen.<br \/>Ein Baby-Beistellbett kann kostenlos zur Verf\u00fcgung gestellt werden (Kleinkind &lt; 2 Jahren).<\/p>\n<table>\n<tbody>\n<tr>\n<td> Nebensaison (April, Mai, Oktober)<\/td>\n<td>130\u20ac<\/td>\n<\/tr>\n<tr>\n<td>Zwischensaison (Juni und September) <\/td>\n<td>140\u20ac<\/td>\n<\/tr>\n<tr>\n<td>Hochsaison (Juli und August)<\/td>\n<td>150\u20ac<\/td>\n<\/tr>\n<tr>\n<td>Zus\u00e4tzliche Person (Kinder &gt; 2 Jahren und Erwachsene)<\/td>\n<td>40\u20ac<\/td>\n<\/tr>\n<\/tbody>\n<\/table>\n<h5>Bitte beachten Sie die Mindestaufenthaltsdauer bei Dolce Vita von zwei N\u00e4chten (au\u00dfer bei Sonderangeboten).<\/h5>\n<p>Bei jeder Reservierung wird zur Best\u00e4tigung Ihrer Anfrage eine Anzahlung von 50 % des Gesamtbetrages f\u00fcr die \u00dcbernachtungen f\u00e4llig.<br \/>Diese Anzahlung muss bei Dolce Vita in den f\u00fcnf auf die Reservierungsanfrage folgenden Tagen eingehen (per Bank\u00fcberweisung).<br \/>Sollte diese Anzahlung nicht in dieser 5-Tages-Frist eingehen, gilt die Anfrage als gegenstandlos, und das Zimmer kann neu vergeben werden.<\/p>\n<\/div>\n<\/div>\n\t\t\t\t\t\t\t\t<\/div>\n\t\t\t\t<\/div>\n\t\t\t\t<div class=\"elementor-element elementor-element-f91b218 elementor-align-center elementor-widget elementor-widget-button\" data-id=\"f91b218\" data-element_type=\"widget\" data-e-type=\"widget\" data-widget_type=\"button.default\">\n\t\t\t\t<div class=\"elementor-widget-container\">\n\t\t\t\t\t\t\t\t\t<div class=\"elementor-button-wrapper\">\n\t\t\t\t\t<a class=\"elementor-button elementor-button-link elementor-size-lg\" href=\"https:\/\/via.eviivo.com\/DolceVita29\">\n\t\t\t\t\t\t<span class=\"elementor-button-content-wrapper\">\n\t\t\t\t\t\t<span class=\"elementor-button-icon\">\n\t\t\t\t<i aria-hidden=\"true\" class=\"far fa-calendar-alt\"><\/i>\t\t\t<\/span>\n\t\t\t\t\t\t\t\t\t<span class=\"elementor-button-text\">Online Reservierung<\/span>\n\t\t\t\t\t<\/span>\n\t\t\t\t\t<\/a>\n\t\t\t\t<\/div>\n\t\t\t\t\t\t\t\t<\/div>\n\t\t\t\t<\/div>\n\t\t\t\t<div class=\"elementor-element elementor-element-ed5f653 elementor-widget elementor-widget-text-editor\" data-id=\"ed5f653\" data-element_type=\"widget\" data-e-type=\"widget\" data-widget_type=\"text-editor.default\">\n\t\t\t\t<div class=\"elementor-widget-container\">\n\t\t\t\t\t\t\t\t\t<h2>Annullierung<\/h2>\n<p>Bei Annullierung (per Einschreiben oder per Mail) wird mit der Anzahlung folgenderma\u00dfen verfahren:<br \/>\u2013 Annullierung mehr als 60 Tage vor dem geplanten Ankunftsdatum: R\u00fcckerstattung der gezahlten Anzahlung (abgesehen von 30 \u20ac Verwaltungsgeb\u00fchren)<br \/>\u2013 Annullierung weniger als 60 Tage vor dem geplanten Ankunftsdatum: die Anzahlung wird von Dolce Vita einbehalten und in keinem Fall zur\u00fcckerstattet.<br \/>\u2013 Annullierung weniger als 30 Tage vor dem geplanten Ankunftsdatum oder bei Nichterscheinen: der Gesamtbetrag des Aufenthaltes wird f\u00e4llig und in Rechnung gestellt.<\/p>\n<p>Wir empfehlen Ihnen, bei Ihrem gew\u00f6hnlichen Versicherer eine Reiser\u00fccktrittsversicherung abzuschlie\u00dfen.<\/p>\n<h2>N\u00fctzliche Informationen<\/h2>\n<ul>\n<li>Das gesamte Haus und Grundst\u00fcck sind Nichtraucherzonen.<\/li>\n<li>Tiere k\u00f6nnen nicht aufgenommen werden.<\/li>\n<li>Kostenloser Privatparkplatz (je nach verf\u00fcgbaren Pl\u00e4tzen)<\/li>\n<li>Ankunftszeiten: zwischen 16 und 18 Uhr.<\/li>\n<li>Abreisezeiten: das Zimmer muss bis 10 Uhr verlassen werden.<\/li>\n<li>Bitte informieren Sie Dolce Vita im Fall einer versp\u00e4teten Ankunft.<\/li>\n<\/ul>\n<h5>Auch im Reklamationsfall ist die Zahlung f\u00e4llig. Im Fall von Rechtsstreitigkeiten gilt der Gerichtsstand Quimper als vereinbart.<\/h5>\n\t\t\t\t\t\t\t\t<\/div>\n\t\t\t\t<\/div>\n\t\t\t\t\t<\/div>\n\t\t<\/div>\n\t\t\t\t\t<\/div>\n\t\t<\/section>\n\t\t\t\t<\/div>\n\t\t","protected":false},"excerpt":{"rendered":"<p>ZIMMERPREISE Auf der Basis einer Zimmerbelegung mit 2 Erwachsenen Die Preise beinhalten die \u00dcbernachtung im Doppelzimmer und das Gourmet-Fr\u00fchst\u00fcck f\u00fcr zwei Personen.Ein Baby-Beistellbett kann kostenlos zur Verf\u00fcgung gestellt werden (Kleinkind &lt; 2 Jahren). Nebensaison (April, Mai, Oktober) 130\u20ac Zwischensaison (Juni und September) 140\u20ac Hochsaison (Juli und August) 150\u20ac Zus\u00e4tzliche Person (Kinder &gt; 2 Jahren und [&hellip;]<\/p>\n","protected":false},"author":1,"featured_media":0,"parent":0,"menu_order":0,"comment_status":"closed","ping_status":"closed","template":"","meta":{"footnotes":""},"class_list":["post-563","page","type-page","status-publish","hentry"],"_links":{"self":[{"href":"https:\/\/ladolcevita-bretagne.com\/de\/wp-json\/wp\/v2\/pages\/563","targetHints":{"allow":["GET"]}}],"collection":[{"href":"https:\/\/ladolcevita-bretagne.com\/de\/wp-json\/wp\/v2\/pages"}],"about":[{"href":"https:\/\/ladolcevita-bretagne.com\/de\/wp-json\/wp\/v2\/types\/page"}],"author":[{"embeddable":true,"href":"https:\/\/ladolcevita-bretagne.com\/de\/wp-json\/wp\/v2\/users\/1"}],"replies":[{"embeddable":true,"href":"https:\/\/ladolcevita-bretagne.com\/de\/wp-json\/wp\/v2\/comments?post=563"}],"version-history":[{"count":2,"href":"https:\/\/ladolcevita-bretagne.com\/de\/wp-json\/wp\/v2\/pages\/563\/revisions"}],"predecessor-version":[{"id":565,"href":"https:\/\/ladolcevita-bretagne.com\/de\/wp-json\/wp\/v2\/pages\/563\/revisions\/565"}],"wp:attachment":[{"href":"https:\/\/ladolcevita-bretagne.com\/de\/wp-json\/wp\/v2\/media?parent=563"}],"curies":[{"name":"wp","href":"https:\/\/api.w.org\/{rel}","templated":true}]}}